{"id":1557,"date":"2015-08-13T04:56:24","date_gmt":"2015-08-13T04:56:24","guid":{"rendered":"http:\/\/clinicadentalchampsaur.com\/nosotros\/"},"modified":"2025-04-25T13:38:24","modified_gmt":"2025-04-25T18:38:24","slug":"about-us","status":"publish","type":"page","link":"https:\/\/clinicadentalchampsaur.com\/en\/about-us\/","title":{"rendered":"About us"},"content":{"rendered":"<p>[vc_row css=&#8221;.vc_custom_1441619155187{margin-bottom: 50px !important;}&#8221;][vc_column offset=&#8221;vc_hidden-xs&#8221;][rev_slider_vc alias=&#8221;about_us&#8221;][\/vc_column][\/vc_row][vc_row css=&#8221;.vc_custom_1441005495715{margin-bottom: 80px !important;}&#8221;][vc_column offset=&#8221;vc_col-lg-9 vc_col-md-9&#8243;][vc_column_text]<\/p>\n<h3 class=\"p1\">Lo que nos diferencia<\/h3>\n<p class=\"p1\"><span class=\"s1\">Tenemos m\u00e1s de 50 a\u00f1os atendiendo a nuestros pacientes, nuestra experiencia y equipo de especialistas nos acredita como una de las mejores cl\u00ednicas dentales de Panam\u00e1. Estamos ubicados en el coraz\u00f3n de la ciudad y contamos con una instalaci\u00f3n \u00fanica donde combinamos el comfort y la seguridad de una cl\u00ednica dental tradicional con la vanguardia tecnol\u00f3gica en tratamientos y equipos para brindarle una atenci\u00f3n de primera calidad.<\/span><\/p>\n<p>En Cl\u00ednica Dental Champsaur nuestros pacientes y su salud bucal son la prioridad.[\/vc_column_text][vc_row_inner css=&#8221;.vc_custom_1441003405335{margin-bottom: 0px !important;}&#8221;][vc_column_inner][stm_image_carousel mode=&#8221;horizontal&#8221; images_to_show=&#8221;4&#8243; images_to_show_tablet=&#8221;3&#8243; images_to_show_mobile=&#8221;1&#8243; images=&#8221;1407,1383,1381,1379,1377&#8243; title=&#8221;Somos miembros de&#8221; title_color=&#8221;#4c4c4c&#8221; css=&#8221;.vc_custom_1539903025212{margin-bottom: 50px !important;padding-top: 50px !important;padding-right: 40px !important;padding-bottom: 60px !important;padding-left: 40px !important;background-color: #f6f6f6 !important;}&#8221;][\/vc_column_inner][\/vc_row_inner][vc_custom_heading text=&#8221;Nuestra misi\u00f3n&#8221; font_container=&#8221;tag:h3|text_align:left|color:%234c4c4c&#8221; use_theme_fonts=&#8221;yes&#8221; css=&#8221;.vc_custom_1539902998668{margin-bottom: 25px !important;}&#8221;][vc_column_text]<\/p>\n<p class=\"p1\"><span class=\"s1\">\u00a1Creamos Sonrisas Champsaur! <\/span><\/p>\n<p>Gracias a esto la lista de nuestros pacientes ha crecido a lo largo de los a\u00f1os, principalmente a trav\u00e9s de la recomendaci\u00f3n de nuestros pacientes satisfechos tanto a nivel local como internacional.<\/p>\n<p>Ofrecemos un alto nivel de excelencia en la atenci\u00f3n dental personalizada que nos permite brindar los servicios dentales de calidad que nuestros pacientes merecen. Nuestro equipo de cirujanos dentales especializados y generales altamente calificados brindan todos los aspectos del cuidado dental con compasi\u00f3n, amabilidad y un alto nivel de calidad en un consultorio bien equipado con instalaciones de vanguardia y tecnolog\u00eda avanzada.<\/p>\n<p>[\/vc_column_text][vc_column_text]<\/p>\n<ul class=\"checklist\">\n<li class=\"p1\"><span class=\"s1\"><span class=\"s1\">Construimos una relaci\u00f3n de confianza al tratar a nuestros pacientes con precisi\u00f3n en el diagn\u00f3stico e integridad en la ejecuci\u00f3n del tratamiento.<\/span><\/span><\/li>\n<li class=\"p1\">Entendemos lo inc\u00f3modos que algunos pacientes pueden sentirse con respecto a sus visitas al dentista, y hacemos todo lo posible para marcar la diferencia brindando una experiencia relajante y positiva.<\/li>\n<li class=\"p1\">Nuestro equipo de odont\u00f3logos especializados tienen gran experiencia y est\u00e1n comprometidos con la educaci\u00f3n y el aprendizaje continuos para poder ofrecerle los procedimientos y tratamientos modernos de hoy.<\/li>\n<li class=\"p1\">En Cl\u00ednica Dental Champsaur es nos aseguramos de utilizar materiales dentales de vanguardia como el Invisalign y la odontolog\u00eda digital para crear su sonrisa perfecta.<\/li>\n<\/ul>\n<p>[\/vc_column_text][\/vc_column][vc_column width=&#8221;1\/4&#8243; offset=&#8221;vc_hidden-sm vc_hidden-xs&#8221;][stm_sidebar sidebar=&#8221;700&#8243;][\/vc_column][\/vc_row][vc_row full_width=&#8221;stretch_row&#8221; css=&#8221;.vc_custom_1442990745769{margin-bottom: 0px !important;}&#8221; el_class=&#8221;base_background_color&#8221;][vc_column][vc_cta h2=&#8221;&#8221; h4=&#8221;Haga su cita con nosotros y reciba el mejor tratamiento de Panam\u00e1&#8221; shape=&#8221;square&#8221; style=&#8221;flat&#8221; color=&#8221;blue&#8221; add_button=&#8221;right&#8221; btn_title=&#8221;Cont\u00e1ctenos&#8221; btn_style=&#8221;flat&#8221; btn_shape=&#8221;round&#8221; btn_color=&#8221;white&#8221; btn_link=&#8221;url:http%3A%2F%2Foptimizeddevelopment.net%2Fdentist%2Fcontactenos%2F|&#8221;][\/vc_cta][\/vc_column][\/vc_row]<\/p>\n","protected":false},"excerpt":{"rendered":"<p>[vc_row css=&#8221;.vc_custom_1441619155187{margin-bottom: 50px !important;}&#8221;][vc_column offset=&#8221;vc_hidden-xs&#8221;][rev_slider_vc alias=&#8221;about_us&#8221;][\/vc_column][\/vc_row][vc_row css=&#8221;.vc_custom_1441005495715{margin-bottom: 80px !important;}&#8221;][vc_column offset=&#8221;vc_col-lg-9 vc_col-md-9&#8243;][vc_column_text] Lo que nos diferencia Tenemos m\u00e1s de 50 a\u00f1os atendiendo a nuestros pacientes, nuestra experiencia y equipo de especialistas nos acredita como una de las mejores cl\u00ednicas dentales de Panam\u00e1. Estamos ubicados en el coraz\u00f3n de la ciudad y contamos con una instalaci\u00f3n \u00fanica&#8230;<\/p>\n","protected":false},"author":1,"featured_media":0,"parent":0,"menu_order":0,"comment_status":"closed","ping_status":"closed","template":"","meta":{"footnotes":""},"class_list":["post-1557","page","type-page","status-publish","hentry"],"yoast_head":"<!-- This site is optimized with the Yoast SEO plugin v26.8 - https:\/\/yoast.com\/product\/yoast-seo-wordpress\/ -->\n<title>Champsaur Dental Clinic - About us<\/title>\n<meta name=\"robots\" content=\"index, follow, max-snippet:-1, max-image-preview:large, max-video-preview:-1\" \/>\n<link rel=\"canonical\" href=\"https:\/\/clinicadentalchampsaur.com\/en\/about-us\/\" \/>\n<meta property=\"og:locale\" content=\"en_US\" \/>\n<meta property=\"og:type\" content=\"article\" \/>\n<meta property=\"og:title\" content=\"Champsaur Dental Clinic - About us\" \/>\n<meta property=\"og:description\" content=\"[vc_row css=&#8221;.vc_custom_1441619155187{margin-bottom: 50px !important;}&#8221;][vc_column offset=&#8221;vc_hidden-xs&#8221;][rev_slider_vc alias=&#8221;about_us&#8221;][\/vc_column][\/vc_row][vc_row css=&#8221;.vc_custom_1441005495715{margin-bottom: 80px !important;}&#8221;][vc_column offset=&#8221;vc_col-lg-9 vc_col-md-9&#8243;][vc_column_text] Lo que nos diferencia Tenemos m\u00e1s de 50 a\u00f1os atendiendo a nuestros pacientes, nuestra experiencia y equipo de especialistas nos acredita como una de las mejores cl\u00ednicas dentales de Panam\u00e1. Estamos ubicados en el coraz\u00f3n de la ciudad y contamos con una instalaci\u00f3n \u00fanica...\" \/>\n<meta property=\"og:url\" content=\"https:\/\/clinicadentalchampsaur.com\/en\/about-us\/\" \/>\n<meta property=\"og:site_name\" content=\"Cl\u00ednica Dental Champsaur\" \/>\n<meta property=\"article:publisher\" content=\"https:\/\/www.facebook.com\/ClinicaDentalChampsaur\/\" \/>\n<meta property=\"article:modified_time\" content=\"2025-04-25T18:38:24+00:00\" \/>\n<meta property=\"og:image\" content=\"https:\/\/clinicadentalchampsaur.com\/wp-content\/uploads\/2018\/09\/AdobeStock_132152029.jpeg\" \/>\n\t<meta property=\"og:image:width\" content=\"1110\" \/>\n\t<meta property=\"og:image:height\" content=\"640\" \/>\n\t<meta property=\"og:image:type\" content=\"image\/jpeg\" \/>\n<meta name=\"twitter:card\" content=\"summary_large_image\" \/>\n<meta name=\"twitter:label1\" content=\"Est. reading time\" \/>\n\t<meta name=\"twitter:data1\" content=\"3 minutes\" \/>\n<script type=\"application\/ld+json\" class=\"yoast-schema-graph\">{\"@context\":\"https:\/\/schema.org\",\"@graph\":[{\"@type\":\"WebPage\",\"@id\":\"https:\/\/clinicadentalchampsaur.com\/en\/about-us\/\",\"url\":\"https:\/\/clinicadentalchampsaur.com\/en\/about-us\/\",\"name\":\"Champsaur Dental Clinic - About us\",\"isPartOf\":{\"@id\":\"https:\/\/clinicadentalchampsaur.com\/#website\"},\"datePublished\":\"2015-08-13T04:56:24+00:00\",\"dateModified\":\"2025-04-25T18:38:24+00:00\",\"breadcrumb\":{\"@id\":\"https:\/\/clinicadentalchampsaur.com\/en\/about-us\/#breadcrumb\"},\"inLanguage\":\"en-US\",\"potentialAction\":[{\"@type\":\"ReadAction\",\"target\":[\"https:\/\/clinicadentalchampsaur.com\/en\/about-us\/\"]}]},{\"@type\":\"BreadcrumbList\",\"@id\":\"https:\/\/clinicadentalchampsaur.com\/en\/about-us\/#breadcrumb\",\"itemListElement\":[{\"@type\":\"ListItem\",\"position\":1,\"name\":\"Portada\",\"item\":\"https:\/\/clinicadentalchampsaur.com\/en\/\"},{\"@type\":\"ListItem\",\"position\":2,\"name\":\"About us\"}]},{\"@type\":\"WebSite\",\"@id\":\"https:\/\/clinicadentalchampsaur.com\/#website\",\"url\":\"https:\/\/clinicadentalchampsaur.com\/\",\"name\":\"Cl\u00ednica Dental Champsaur\",\"description\":\"\",\"publisher\":{\"@id\":\"https:\/\/clinicadentalchampsaur.com\/#organization\"},\"potentialAction\":[{\"@type\":\"SearchAction\",\"target\":{\"@type\":\"EntryPoint\",\"urlTemplate\":\"https:\/\/clinicadentalchampsaur.com\/?s={search_term_string}\"},\"query-input\":{\"@type\":\"PropertyValueSpecification\",\"valueRequired\":true,\"valueName\":\"search_term_string\"}}],\"inLanguage\":\"en-US\"},{\"@type\":\"Organization\",\"@id\":\"https:\/\/clinicadentalchampsaur.com\/#organization\",\"name\":\"Clinica Dental Champsaur\",\"url\":\"https:\/\/clinicadentalchampsaur.com\/\",\"logo\":{\"@type\":\"ImageObject\",\"inLanguage\":\"en-US\",\"@id\":\"https:\/\/clinicadentalchampsaur.com\/#\/schema\/logo\/image\/\",\"url\":\"https:\/\/clinicadentalchampsaur.com\/wp-content\/uploads\/2018\/10\/logo2-1.png\",\"contentUrl\":\"https:\/\/clinicadentalchampsaur.com\/wp-content\/uploads\/2018\/10\/logo2-1.png\",\"width\":172,\"height\":60,\"caption\":\"Clinica Dental Champsaur\"},\"image\":{\"@id\":\"https:\/\/clinicadentalchampsaur.com\/#\/schema\/logo\/image\/\"},\"sameAs\":[\"https:\/\/www.facebook.com\/ClinicaDentalChampsaur\/\",\"https:\/\/www.instagram.com\/clinicachampsaur\/\"]}]}<\/script>\n<!-- \/ Yoast SEO plugin. -->","yoast_head_json":{"title":"Champsaur Dental Clinic - About us","robots":{"index":"index","follow":"follow","max-snippet":"max-snippet:-1","max-image-preview":"max-image-preview:large","max-video-preview":"max-video-preview:-1"},"canonical":"https:\/\/clinicadentalchampsaur.com\/en\/about-us\/","og_locale":"en_US","og_type":"article","og_title":"Champsaur Dental Clinic - About us","og_description":"[vc_row css=&#8221;.vc_custom_1441619155187{margin-bottom: 50px !important;}&#8221;][vc_column offset=&#8221;vc_hidden-xs&#8221;][rev_slider_vc alias=&#8221;about_us&#8221;][\/vc_column][\/vc_row][vc_row css=&#8221;.vc_custom_1441005495715{margin-bottom: 80px !important;}&#8221;][vc_column offset=&#8221;vc_col-lg-9 vc_col-md-9&#8243;][vc_column_text] Lo que nos diferencia Tenemos m\u00e1s de 50 a\u00f1os atendiendo a nuestros pacientes, nuestra experiencia y equipo de especialistas nos acredita como una de las mejores cl\u00ednicas dentales de Panam\u00e1. Estamos ubicados en el coraz\u00f3n de la ciudad y contamos con una instalaci\u00f3n \u00fanica...","og_url":"https:\/\/clinicadentalchampsaur.com\/en\/about-us\/","og_site_name":"Cl\u00ednica Dental Champsaur","article_publisher":"https:\/\/www.facebook.com\/ClinicaDentalChampsaur\/","article_modified_time":"2025-04-25T18:38:24+00:00","og_image":[{"width":1110,"height":640,"url":"https:\/\/clinicadentalchampsaur.com\/wp-content\/uploads\/2018\/09\/AdobeStock_132152029.jpeg","type":"image\/jpeg"}],"twitter_card":"summary_large_image","twitter_misc":{"Est. reading time":"3 minutes"},"schema":{"@context":"https:\/\/schema.org","@graph":[{"@type":"WebPage","@id":"https:\/\/clinicadentalchampsaur.com\/en\/about-us\/","url":"https:\/\/clinicadentalchampsaur.com\/en\/about-us\/","name":"Champsaur Dental Clinic - About us","isPartOf":{"@id":"https:\/\/clinicadentalchampsaur.com\/#website"},"datePublished":"2015-08-13T04:56:24+00:00","dateModified":"2025-04-25T18:38:24+00:00","breadcrumb":{"@id":"https:\/\/clinicadentalchampsaur.com\/en\/about-us\/#breadcrumb"},"inLanguage":"en-US","potentialAction":[{"@type":"ReadAction","target":["https:\/\/clinicadentalchampsaur.com\/en\/about-us\/"]}]},{"@type":"BreadcrumbList","@id":"https:\/\/clinicadentalchampsaur.com\/en\/about-us\/#breadcrumb","itemListElement":[{"@type":"ListItem","position":1,"name":"Portada","item":"https:\/\/clinicadentalchampsaur.com\/en\/"},{"@type":"ListItem","position":2,"name":"About us"}]},{"@type":"WebSite","@id":"https:\/\/clinicadentalchampsaur.com\/#website","url":"https:\/\/clinicadentalchampsaur.com\/","name":"Cl\u00ednica Dental Champsaur","description":"","publisher":{"@id":"https:\/\/clinicadentalchampsaur.com\/#organization"},"potentialAction":[{"@type":"SearchAction","target":{"@type":"EntryPoint","urlTemplate":"https:\/\/clinicadentalchampsaur.com\/?s={search_term_string}"},"query-input":{"@type":"PropertyValueSpecification","valueRequired":true,"valueName":"search_term_string"}}],"inLanguage":"en-US"},{"@type":"Organization","@id":"https:\/\/clinicadentalchampsaur.com\/#organization","name":"Clinica Dental Champsaur","url":"https:\/\/clinicadentalchampsaur.com\/","logo":{"@type":"ImageObject","inLanguage":"en-US","@id":"https:\/\/clinicadentalchampsaur.com\/#\/schema\/logo\/image\/","url":"https:\/\/clinicadentalchampsaur.com\/wp-content\/uploads\/2018\/10\/logo2-1.png","contentUrl":"https:\/\/clinicadentalchampsaur.com\/wp-content\/uploads\/2018\/10\/logo2-1.png","width":172,"height":60,"caption":"Clinica Dental Champsaur"},"image":{"@id":"https:\/\/clinicadentalchampsaur.com\/#\/schema\/logo\/image\/"},"sameAs":["https:\/\/www.facebook.com\/ClinicaDentalChampsaur\/","https:\/\/www.instagram.com\/clinicachampsaur\/"]}]}},"_links":{"self":[{"href":"https:\/\/clinicadentalchampsaur.com\/en\/wp-json\/wp\/v2\/pages\/1557","targetHints":{"allow":["GET"]}}],"collection":[{"href":"https:\/\/clinicadentalchampsaur.com\/en\/wp-json\/wp\/v2\/pages"}],"about":[{"href":"https:\/\/clinicadentalchampsaur.com\/en\/wp-json\/wp\/v2\/types\/page"}],"author":[{"embeddable":true,"href":"https:\/\/clinicadentalchampsaur.com\/en\/wp-json\/wp\/v2\/users\/1"}],"replies":[{"embeddable":true,"href":"https:\/\/clinicadentalchampsaur.com\/en\/wp-json\/wp\/v2\/comments?post=1557"}],"version-history":[{"count":5,"href":"https:\/\/clinicadentalchampsaur.com\/en\/wp-json\/wp\/v2\/pages\/1557\/revisions"}],"predecessor-version":[{"id":3042,"href":"https:\/\/clinicadentalchampsaur.com\/en\/wp-json\/wp\/v2\/pages\/1557\/revisions\/3042"}],"wp:attachment":[{"href":"https:\/\/clinicadentalchampsaur.com\/en\/wp-json\/wp\/v2\/media?parent=1557"}],"curies":[{"name":"wp","href":"https:\/\/api.w.org\/{rel}","templated":true}]}}